{"id":595,"date":"2019-08-12T23:11:44","date_gmt":"2019-08-12T23:11:44","guid":{"rendered":"https:\/\/piaggio.com.pt\/web\/?page_id=595"},"modified":"2022-12-15T16:08:06","modified_gmt":"2022-12-15T16:08:06","slug":"piaggio","status":"publish","type":"page","link":"https:\/\/piaggio.com.pt\/web\/","title":{"rendered":"Piaggio &#8211; ve\u00edculos comerciais"},"content":{"rendered":"\t\t<div data-elementor-type=\"wp-post\" data-elementor-id=\"595\" class=\"elementor elementor-595\" data-elementor-post-type=\"page\">\n\t\t\t\t\t\t<section class=\"elementor-section elementor-top-section elementor-element elementor-element-9b967f4 elementor-section-boxed elementor-section-height-default elementor-section-height-default\" data-id=\"9b967f4\" data-element_type=\"section\" data-e-type=\"section\" data-settings=\"{&quot;background_background&quot;:&quot;classic&quot;}\">\n\t\t\t\t\t\t<div class=\"elementor-container elementor-column-gap-default\">\n\t\t\t\t\t<div class=\"elementor-column elementor-col-100 elementor-top-column elementor-element elementor-element-1514c47\" data-id=\"1514c47\" data-element_type=\"column\" data-e-type=\"column\" data-settings=\"{&quot;background_background&quot;:&quot;classic&quot;}\">\n\t\t\t<div class=\"elementor-widget-wrap elementor-element-populated\">\n\t\t\t\t\t\t<div class=\"elementor-element elementor-element-90fcefc elementor-widget elementor-widget-image\" data-id=\"90fcefc\" data-element_type=\"widget\" data-e-type=\"widget\" data-widget_type=\"image.default\">\n\t\t\t\t<div class=\"elementor-widget-container\">\n\t\t\t\t\t\t\t\t\t\t\t\t\t\t\t<img fetchpriority=\"high\" decoding=\"async\" width=\"272\" height=\"315\" src=\"https:\/\/piaggio.com.pt\/web\/wp-content\/uploads\/2019\/08\/piaggio_home.png\" class=\"attachment-full size-full wp-image-654\" alt=\"\" srcset=\"https:\/\/piaggio.com.pt\/web\/wp-content\/uploads\/2019\/08\/piaggio_home.png 272w, https:\/\/piaggio.com.pt\/web\/wp-content\/uploads\/2019\/08\/piaggio_home-259x300.png 259w\" sizes=\"(max-width: 272px) 100vw, 272px\" \/>\t\t\t\t\t\t\t\t\t\t\t\t\t\t\t<\/div>\n\t\t\t\t<\/div>\n\t\t\t\t<div class=\"elementor-element elementor-element-479cd9c elementor-widget elementor-widget-heading\" data-id=\"479cd9c\" data-element_type=\"widget\" data-e-type=\"widget\" data-widget_type=\"heading.default\">\n\t\t\t\t<div class=\"elementor-widget-container\">\n\t\t\t\t\t<h1 class=\"elementor-heading-title elementor-size-default\">VE\u00cdCULOS COMERCIAIS PIAGGIO\u200b<\/h1>\t\t\t\t<\/div>\n\t\t\t\t<\/div>\n\t\t\t\t<div class=\"elementor-element elementor-element-db7836c elementor-widget elementor-widget-heading\" data-id=\"db7836c\" data-element_type=\"widget\" data-e-type=\"widget\" data-widget_type=\"heading.default\">\n\t\t\t\t<div class=\"elementor-widget-container\">\n\t\t\t\t\t<h2 class=\"elementor-heading-title elementor-size-default\">Mais que uma marca, a Piaggio \u00e9 um \u00edcone que definiu o estilo e a personalidade que modelou uma gera\u00e7\u00e3o.\nActualmente, gra\u00e7as a uma constante evolu\u00e7\u00e3o tecnol\u00f3gica, ainda estabelece os padr\u00f5es de qualidade e exig\u00eancia que definem os ve\u00edculos comerciais de elei\u00e7\u00e3o com 3 e 4 rodas.\nA op\u00e7\u00e3o pelos ve\u00edculos comerciais Piaggio \u00e9 a escolha certa para neg\u00f3cios sustent\u00e1veis e com aquele charme adicional que s\u00f3 um cl\u00e1ssico pode ter.<\/h2>\t\t\t\t<\/div>\n\t\t\t\t<\/div>\n\t\t\t\t\t<\/div>\n\t\t<\/div>\n\t\t\t\t\t<\/div>\n\t\t<\/section>\n\t\t\t\t<section class=\"elementor-section elementor-top-section elementor-element elementor-element-0f1f2c3 elementor-section-boxed elementor-section-height-default elementor-section-height-default\" data-id=\"0f1f2c3\" data-element_type=\"section\" data-e-type=\"section\" data-settings=\"{&quot;background_background&quot;:&quot;classic&quot;}\">\n\t\t\t\t\t\t<div class=\"elementor-container elementor-column-gap-no\">\n\t\t\t\t\t<div class=\"elementor-column elementor-col-100 elementor-top-column elementor-element elementor-element-d150656\" data-id=\"d150656\" data-element_type=\"column\" data-e-type=\"column\">\n\t\t\t<div class=\"elementor-widget-wrap elementor-element-populated\">\n\t\t\t\t\t\t<section class=\"elementor-section elementor-inner-section elementor-element elementor-element-2492e36 elementor-section-boxed elementor-section-height-default elementor-section-height-default\" data-id=\"2492e36\" data-element_type=\"section\" data-e-type=\"section\">\n\t\t\t\t\t\t<div class=\"elementor-container elementor-column-gap-default\">\n\t\t\t\t\t<div class=\"elementor-column elementor-col-100 elementor-inner-column elementor-element elementor-element-8858392\" data-id=\"8858392\" data-element_type=\"column\" data-e-type=\"column\">\n\t\t\t<div class=\"elementor-widget-wrap elementor-element-populated\">\n\t\t\t\t\t\t<div class=\"elementor-element elementor-element-ba58eeb elementor-widget elementor-widget-image\" data-id=\"ba58eeb\" data-element_type=\"widget\" data-e-type=\"widget\" data-widget_type=\"image.default\">\n\t\t\t\t<div class=\"elementor-widget-container\">\n\t\t\t\t\t\t\t\t\t\t\t\t\t\t\t<img decoding=\"async\" width=\"293\" height=\"198\" src=\"https:\/\/piaggio.com.pt\/web\/wp-content\/uploads\/2019\/08\/ape50_logo.png\" class=\"attachment-full size-full wp-image-428\" alt=\"\" \/>\t\t\t\t\t\t\t\t\t\t\t\t\t\t\t<\/div>\n\t\t\t\t<\/div>\n\t\t\t\t<div class=\"elementor-element elementor-element-cf45c95 elementor-widget elementor-widget-image\" data-id=\"cf45c95\" data-element_type=\"widget\" data-e-type=\"widget\" data-widget_type=\"image.default\">\n\t\t\t\t<div class=\"elementor-widget-container\">\n\t\t\t\t\t\t\t\t\t\t\t\t\t\t\t<img decoding=\"async\" width=\"475\" height=\"361\" src=\"https:\/\/piaggio.com.pt\/web\/wp-content\/uploads\/2018\/12\/ape_50.png\" class=\"attachment-full size-full wp-image-38\" alt=\"\" srcset=\"https:\/\/piaggio.com.pt\/web\/wp-content\/uploads\/2018\/12\/ape_50.png 475w, https:\/\/piaggio.com.pt\/web\/wp-content\/uploads\/2018\/12\/ape_50-300x228.png 300w\" sizes=\"(max-width: 475px) 100vw, 475px\" \/>\t\t\t\t\t\t\t\t\t\t\t\t\t\t\t<\/div>\n\t\t\t\t<\/div>\n\t\t\t\t\t<\/div>\n\t\t<\/div>\n\t\t\t\t\t<\/div>\n\t\t<\/section>\n\t\t\t\t\t<\/div>\n\t\t<\/div>\n\t\t\t\t\t<\/div>\n\t\t<\/section>\n\t\t\t\t<section class=\"elementor-section elementor-top-section elementor-element elementor-element-43c86a3 elementor-section-boxed elementor-section-height-default elementor-section-height-default\" data-id=\"43c86a3\" data-element_type=\"section\" data-e-type=\"section\" data-settings=\"{&quot;background_background&quot;:&quot;classic&quot;}\">\n\t\t\t\t\t\t<div class=\"elementor-container elementor-column-gap-wide\">\n\t\t\t\t\t<div class=\"elementor-column elementor-col-50 elementor-top-column elementor-element elementor-element-0f73822\" data-id=\"0f73822\" data-element_type=\"column\" data-e-type=\"column\">\n\t\t\t<div class=\"elementor-widget-wrap elementor-element-populated\">\n\t\t\t\t\t\t<div class=\"elementor-element elementor-element-f196bfc elementor-widget elementor-widget-heading\" data-id=\"f196bfc\" data-element_type=\"widget\" data-e-type=\"widget\" data-widget_type=\"heading.default\">\n\t\t\t\t<div class=\"elementor-widget-container\">\n\t\t\t\t\t<h2 class=\"elementor-heading-title elementor-size-default\">Ape 50<\/h2>\t\t\t\t<\/div>\n\t\t\t\t<\/div>\n\t\t\t\t<div class=\"elementor-element elementor-element-ae6d0f1 elementor-widget elementor-widget-text-editor\" data-id=\"ae6d0f1\" data-element_type=\"widget\" data-e-type=\"widget\" data-widget_type=\"text-editor.default\">\n\t\t\t\t<div class=\"elementor-widget-container\">\n\t\t\t\t\t\t\t\t\t<p>A gama dos ve\u00edculos comerciais mais pequenos e vers\u00e1teis do mundo.<\/p>\t\t\t\t\t\t\t\t<\/div>\n\t\t\t\t<\/div>\n\t\t\t\t<div class=\"elementor-element elementor-element-4312187 elementor-align-center elementor-widget elementor-widget-button\" data-id=\"4312187\" data-element_type=\"widget\" data-e-type=\"widget\" data-widget_type=\"button.default\">\n\t\t\t\t<div class=\"elementor-widget-container\">\n\t\t\t\t\t\t\t\t\t<div class=\"elementor-button-wrapper\">\n\t\t\t\t\t<a class=\"elementor-button elementor-button-link elementor-size-xs\" href=\"https:\/\/piaggio.com.pt\/web\/wp-content\/uploads\/2018\/12\/Ape50_Euro4.pdf\">\n\t\t\t\t\t\t<span class=\"elementor-button-content-wrapper\">\n\t\t\t\t\t\t<span class=\"elementor-button-icon\">\n\t\t\t\t<i aria-hidden=\"true\" class=\"fas fa-arrow-right\"><\/i>\t\t\t<\/span>\n\t\t\t\t\t\t\t\t\t<span class=\"elementor-button-text\">DESCARREGAR BROCHURA<\/span>\n\t\t\t\t\t<\/span>\n\t\t\t\t\t<\/a>\n\t\t\t\t<\/div>\n\t\t\t\t\t\t\t\t<\/div>\n\t\t\t\t<\/div>\n\t\t\t\t\t<\/div>\n\t\t<\/div>\n\t\t\t\t<div class=\"elementor-column elementor-col-50 elementor-top-column elementor-element elementor-element-27d3773\" data-id=\"27d3773\" data-element_type=\"column\" data-e-type=\"column\">\n\t\t\t<div class=\"elementor-widget-wrap elementor-element-populated\">\n\t\t\t\t\t\t<div class=\"elementor-element elementor-element-62c7fdb elementor-widget elementor-widget-image\" data-id=\"62c7fdb\" data-element_type=\"widget\" data-e-type=\"widget\" data-widget_type=\"image.default\">\n\t\t\t\t<div class=\"elementor-widget-container\">\n\t\t\t\t\t\t\t\t\t\t\t\t\t\t\t<img loading=\"lazy\" decoding=\"async\" width=\"524\" height=\"450\" src=\"https:\/\/piaggio.com.pt\/web\/wp-content\/uploads\/2022\/01\/ape50-zemarks-2.jpg\" class=\"attachment-full size-full wp-image-910\" alt=\"\" srcset=\"https:\/\/piaggio.com.pt\/web\/wp-content\/uploads\/2022\/01\/ape50-zemarks-2.jpg 524w, https:\/\/piaggio.com.pt\/web\/wp-content\/uploads\/2022\/01\/ape50-zemarks-2-300x258.jpg 300w\" sizes=\"(max-width: 524px) 100vw, 524px\" \/>\t\t\t\t\t\t\t\t\t\t\t\t\t\t\t<\/div>\n\t\t\t\t<\/div>\n\t\t\t\t\t<\/div>\n\t\t<\/div>\n\t\t\t\t\t<\/div>\n\t\t<\/section>\n\t\t\t\t<\/div>\n\t\t","protected":false},"excerpt":{"rendered":"<p>VE\u00cdCULOS COMERCIAIS PIAGGIO\u200b Mais que uma marca, a Piaggio \u00e9 um \u00edcone que definiu o estilo e a personalidade que modelou uma gera\u00e7\u00e3o. Actualmente, gra\u00e7as a uma constante evolu\u00e7\u00e3o tecnol\u00f3gica, ainda estabelece os padr\u00f5es de qualidade e exig\u00eancia que definem os ve\u00edculos comerciais de elei\u00e7\u00e3o com 3 e 4 rodas. A op\u00e7\u00e3o pelos ve\u00edculos comerciais [&hellip;]<\/p>\n","protected":false},"author":1,"featured_media":0,"parent":0,"menu_order":0,"comment_status":"closed","ping_status":"closed","template":"elementor_header_footer","meta":{"footnotes":""},"class_list":["post-595","page","type-page","status-publish","hentry"],"_links":{"self":[{"href":"https:\/\/piaggio.com.pt\/web\/wp-json\/wp\/v2\/pages\/595","targetHints":{"allow":["GET"]}}],"collection":[{"href":"https:\/\/piaggio.com.pt\/web\/wp-json\/wp\/v2\/pages"}],"about":[{"href":"https:\/\/piaggio.com.pt\/web\/wp-json\/wp\/v2\/types\/page"}],"author":[{"embeddable":true,"href":"https:\/\/piaggio.com.pt\/web\/wp-json\/wp\/v2\/users\/1"}],"replies":[{"embeddable":true,"href":"https:\/\/piaggio.com.pt\/web\/wp-json\/wp\/v2\/comments?post=595"}],"version-history":[{"count":315,"href":"https:\/\/piaggio.com.pt\/web\/wp-json\/wp\/v2\/pages\/595\/revisions"}],"predecessor-version":[{"id":1292,"href":"https:\/\/piaggio.com.pt\/web\/wp-json\/wp\/v2\/pages\/595\/revisions\/1292"}],"wp:attachment":[{"href":"https:\/\/piaggio.com.pt\/web\/wp-json\/wp\/v2\/media?parent=595"}],"curies":[{"name":"wp","href":"https:\/\/api.w.org\/{rel}","templated":true}]}}